{"id":4988,"date":"2022-10-31T14:48:10","date_gmt":"2022-10-31T13:48:10","guid":{"rendered":"https:\/\/bellotacon.es\/data-protection-clause-newsletter-form\/"},"modified":"2024-09-16T13:12:49","modified_gmt":"2024-09-16T11:12:49","slug":"data-protection-clause-newsletter-form","status":"publish","type":"page","link":"https:\/\/bellotacon.es\/en\/data-protection-clause-newsletter-form\/","title":{"rendered":"Data Protection Clause Newsletter Form"},"content":{"rendered":"\t\t<div data-elementor-type=\"wp-page\" data-elementor-id=\"4988\" class=\"elementor elementor-4988 elementor-2662\" data-elementor-post-type=\"page\">\n\t\t\t\t\t\t<section class=\"elementor-section elementor-top-section elementor-element elementor-element-b2c7b12 elementor-section-boxed elementor-section-height-default elementor-section-height-default\" data-id=\"b2c7b12\" data-element_type=\"section\">\n\t\t\t\t\t\t<div class=\"elementor-container elementor-column-gap-default\">\n\t\t\t\t\t<div class=\"elementor-column elementor-col-100 elementor-top-column elementor-element elementor-element-02fb430\" data-id=\"02fb430\" data-element_type=\"column\">\n\t\t\t<div class=\"elementor-widget-wrap elementor-element-populated\">\n\t\t\t\t\t\t<div class=\"elementor-element elementor-element-223ec37 elementor-widget elementor-widget-heading\" data-id=\"223ec37\" data-element_type=\"widget\" data-widget_type=\"heading.default\">\n\t\t\t\t<div class=\"elementor-widget-container\">\n\t\t\t\t\t<h3 class=\"elementor-heading-title elementor-size-default\">Data Protection Clause Newsletter Form<\/h3>\t\t\t\t<\/div>\n\t\t\t\t<\/div>\n\t\t\t\t<div class=\"elementor-element elementor-element-f58785c elementor-widget elementor-widget-spacer\" data-id=\"f58785c\" data-element_type=\"widget\" data-widget_type=\"spacer.default\">\n\t\t\t\t<div class=\"elementor-widget-container\">\n\t\t\t\t\t\t\t<div class=\"elementor-spacer\">\n\t\t\t<div class=\"elementor-spacer-inner\"><\/div>\n\t\t<\/div>\n\t\t\t\t\t\t<\/div>\n\t\t\t\t<\/div>\n\t\t\t\t<div class=\"elementor-element elementor-element-5b61039 elementor-widget elementor-widget-text-editor\" data-id=\"5b61039\" data-element_type=\"widget\" data-widget_type=\"text-editor.default\">\n\t\t\t\t<div class=\"elementor-widget-container\">\n\t\t\t\t\t\t\t\t\tBasic information on data protection\r\n\r\nIn accordance with the provisions of Regulation (EU) 2016\/679 of the European Parliament and of the Council, and regulation 3\/2018 on the protection of personal data and Guarantees of Digital Rights, we inform you that the personal data provided will be processed by SERGIO ALAMA CARRIZO Y SE\u00d1OR\u00cdO DE MONTANERA SL, with address at Ctra. Rinc\u00f3n de Caya Km 3.5, 06080 Badajoz (Spain).\r\n\r\nThe data provided by you is necessary to manage the subscription of the Newsletter.\r\n\r\nThe legitimacy of the Data Controller to carry out the processing of your data is: Consent of the interested party: Send the Newsletter, which is sent periodically. (GDPR art. 6.1.a).\r\n\r\nAbout the recipients of the data, data will not be transferred to third parties, except legal obligation.\r\n\r\nYou have the right to access, rectify and delete the data, as well as other rights, indicated in the additional information, which you can exercise by contacting info@bellotacon.es or Ctra. Rinc\u00f3n de Caya Km 3.5, 06080 Badajoz (Spain).\r\n\r\nThe data comes from the interested party.\r\n\r\nYou can consult additional and detailed information on Data Protection here: https:\/\/bellotacon.es\/politica-de-privacidad\t\t\t\t\t\t\t\t<\/div>\n\t\t\t\t<\/div>\n\t\t\t\t\t<\/div>\n\t\t<\/div>\n\t\t\t\t\t<\/div>\n\t\t<\/section>\n\t\t\t\t<\/div>\n\t\t","protected":false},"excerpt":{"rendered":"<p>Data Protection Clause Newsletter Form Basic information on data protection In accordance with the provisions of Regulation (EU) 2016\/679 of the European Parliament and of the Council, and regulation 3\/2018 on the protection of personal data and Guarantees of Digital Rights, we inform you that the personal data provided will be processed by SERGIO ALAMA [&hellip;]<\/p>\n","protected":false},"author":1,"featured_media":0,"parent":0,"menu_order":0,"comment_status":"closed","ping_status":"closed","template":"","meta":{"site-sidebar-layout":"no-sidebar","site-content-layout":"page-builder","ast-site-content-layout":"default","site-content-style":"default","site-sidebar-style":"default","ast-global-header-display":"","ast-banner-title-visibility":"","ast-main-header-display":"","ast-hfb-above-header-display":"","ast-hfb-below-header-display":"","ast-hfb-mobile-header-display":"","site-post-title":"disabled","ast-breadcrumbs-content":"","ast-featured-img":"disabled","footer-sml-layout":"","ast-disable-related-posts":"","theme-transparent-header-meta":"","adv-header-id-meta":"","stick-header-meta":"","header-above-stick-meta":"","header-main-stick-meta":"","header-below-stick-meta":"","astra-migrate-meta-layouts":"default","ast-page-background-enabled":"default","ast-page-background-meta":{"desktop":{"background-color":"var(--ast-global-color-4)","background-image":"","background-repeat":"repeat","background-position":"center center","background-size":"auto","background-attachment":"scroll","background-type":"","background-media":"","overlay-type":"","overlay-color":"","overlay-opacity":"","overlay-gradient":""},"tablet":{"background-color":"","background-image":"","background-repeat":"repeat","background-position":"center center","background-size":"auto","background-attachment":"scroll","background-type":"","background-media":"","overlay-type":"","overlay-color":"","overlay-opacity":"","overlay-gradient":""},"mobile":{"background-color":"","background-image":"","background-repeat":"repeat","background-position":"center center","background-size":"auto","background-attachment":"scroll","background-type":"","background-media":"","overlay-type":"","overlay-color":"","overlay-opacity":"","overlay-gradient":""}},"ast-content-background-meta":{"desktop":{"background-color":"var(--ast-global-color-5)","background-image":"","background-repeat":"repeat","background-position":"center center","background-size":"auto","background-attachment":"scroll","background-type":"","background-media":"","overlay-type":"","overlay-color":"","overlay-opacity":"","overlay-gradient":""},"tablet":{"background-color":"var(--ast-global-color-5)","background-image":"","background-repeat":"repeat","background-position":"center center","background-size":"auto","background-attachment":"scroll","background-type":"","background-media":"","overlay-type":"","overlay-color":"","overlay-opacity":"","overlay-gradient":""},"mobile":{"background-color":"var(--ast-global-color-5)","background-image":"","background-repeat":"repeat","background-position":"center center","background-size":"auto","background-attachment":"scroll","background-type":"","background-media":"","overlay-type":"","overlay-color":"","overlay-opacity":"","overlay-gradient":""}},"footnotes":""},"class_list":["post-4988","page","type-page","status-publish","hentry"],"yoast_head":"<!-- This site is optimized with the Yoast SEO plugin v26.5 - https:\/\/yoast.com\/wordpress\/plugins\/seo\/ -->\n<title>Data Protection Clause Newsletter Form - Bellota Con - Evento Internacional Wargames<\/title>\n<meta name=\"robots\" content=\"index, follow, max-snippet:-1, max-image-preview:large, max-video-preview:-1\" \/>\n<link rel=\"canonical\" href=\"https:\/\/bellotacon.es\/clausula-en-proteccion-de-datos-formulario-de-newsletter\/\" \/>\n<meta property=\"og:locale\" content=\"en_US\" \/>\n<meta property=\"og:type\" content=\"article\" \/>\n<meta property=\"og:title\" content=\"Data Protection Clause Newsletter Form - Bellota Con - Evento Internacional Wargames\" \/>\n<meta property=\"og:description\" content=\"Data Protection Clause Newsletter Form Basic information on data protection In accordance with the provisions of Regulation (EU) 2016\/679 of the European Parliament and of the Council, and regulation 3\/2018 on the protection of personal data and Guarantees of Digital Rights, we inform you that the personal data provided will be processed by SERGIO ALAMA [&hellip;]\" \/>\n<meta property=\"og:url\" content=\"https:\/\/bellotacon.es\/clausula-en-proteccion-de-datos-formulario-de-newsletter\/\" \/>\n<meta property=\"og:site_name\" content=\"Bellota Con - Evento Internacional Wargames\" \/>\n<meta property=\"article:modified_time\" content=\"2024-09-16T11:12:49+00:00\" \/>\n<meta name=\"twitter:card\" content=\"summary_large_image\" \/>\n<meta name=\"twitter:label1\" content=\"Est. reading time\" \/>\n\t<meta name=\"twitter:data1\" content=\"1 minute\" \/>\n<script type=\"application\/ld+json\" class=\"yoast-schema-graph\">{\"@context\":\"https:\/\/schema.org\",\"@graph\":[{\"@type\":\"WebPage\",\"@id\":\"https:\/\/bellotacon.es\/clausula-en-proteccion-de-datos-formulario-de-newsletter\/\",\"url\":\"https:\/\/bellotacon.es\/clausula-en-proteccion-de-datos-formulario-de-newsletter\/\",\"name\":\"Data Protection Clause Newsletter Form - Bellota Con - Evento Internacional Wargames\",\"isPartOf\":{\"@id\":\"https:\/\/bellotacon.es\/#website\"},\"datePublished\":\"2022-10-31T13:48:10+00:00\",\"dateModified\":\"2024-09-16T11:12:49+00:00\",\"breadcrumb\":{\"@id\":\"https:\/\/bellotacon.es\/clausula-en-proteccion-de-datos-formulario-de-newsletter\/#breadcrumb\"},\"inLanguage\":\"en-US\",\"potentialAction\":[{\"@type\":\"ReadAction\",\"target\":[\"https:\/\/bellotacon.es\/clausula-en-proteccion-de-datos-formulario-de-newsletter\/\"]}]},{\"@type\":\"BreadcrumbList\",\"@id\":\"https:\/\/bellotacon.es\/clausula-en-proteccion-de-datos-formulario-de-newsletter\/#breadcrumb\",\"itemListElement\":[{\"@type\":\"ListItem\",\"position\":1,\"name\":\"Portada\",\"item\":\"https:\/\/bellotacon.es\/\"},{\"@type\":\"ListItem\",\"position\":2,\"name\":\"Data Protection Clause Newsletter Form\"}]},{\"@type\":\"WebSite\",\"@id\":\"https:\/\/bellotacon.es\/#website\",\"url\":\"https:\/\/bellotacon.es\/\",\"name\":\"Bellota Con - Evento Internacional Wargames\",\"description\":\"\",\"publisher\":{\"@id\":\"https:\/\/bellotacon.es\/#organization\"},\"potentialAction\":[{\"@type\":\"SearchAction\",\"target\":{\"@type\":\"EntryPoint\",\"urlTemplate\":\"https:\/\/bellotacon.es\/?s={search_term_string}\"},\"query-input\":{\"@type\":\"PropertyValueSpecification\",\"valueRequired\":true,\"valueName\":\"search_term_string\"}}],\"inLanguage\":\"en-US\"},{\"@type\":\"Organization\",\"@id\":\"https:\/\/bellotacon.es\/#organization\",\"name\":\"Bellota Con - Evento Internacional Wargames\",\"url\":\"https:\/\/bellotacon.es\/\",\"logo\":{\"@type\":\"ImageObject\",\"inLanguage\":\"en-US\",\"@id\":\"https:\/\/bellotacon.es\/#\/schema\/logo\/image\/\",\"url\":\"https:\/\/bellotacon.es\/wp-content\/uploads\/2022\/09\/V-bellota-trans.png\",\"contentUrl\":\"https:\/\/bellotacon.es\/wp-content\/uploads\/2022\/09\/V-bellota-trans.png\",\"width\":1991,\"height\":1258,\"caption\":\"Bellota Con - Evento Internacional Wargames\"},\"image\":{\"@id\":\"https:\/\/bellotacon.es\/#\/schema\/logo\/image\/\"}}]}<\/script>\n<!-- \/ Yoast SEO plugin. -->","yoast_head_json":{"title":"Data Protection Clause Newsletter Form - Bellota Con - Evento Internacional Wargames","robots":{"index":"index","follow":"follow","max-snippet":"max-snippet:-1","max-image-preview":"max-image-preview:large","max-video-preview":"max-video-preview:-1"},"canonical":"https:\/\/bellotacon.es\/clausula-en-proteccion-de-datos-formulario-de-newsletter\/","og_locale":"en_US","og_type":"article","og_title":"Data Protection Clause Newsletter Form - Bellota Con - Evento Internacional Wargames","og_description":"Data Protection Clause Newsletter Form Basic information on data protection In accordance with the provisions of Regulation (EU) 2016\/679 of the European Parliament and of the Council, and regulation 3\/2018 on the protection of personal data and Guarantees of Digital Rights, we inform you that the personal data provided will be processed by SERGIO ALAMA [&hellip;]","og_url":"https:\/\/bellotacon.es\/clausula-en-proteccion-de-datos-formulario-de-newsletter\/","og_site_name":"Bellota Con - Evento Internacional Wargames","article_modified_time":"2024-09-16T11:12:49+00:00","twitter_card":"summary_large_image","twitter_misc":{"Est. reading time":"1 minute"},"schema":{"@context":"https:\/\/schema.org","@graph":[{"@type":"WebPage","@id":"https:\/\/bellotacon.es\/clausula-en-proteccion-de-datos-formulario-de-newsletter\/","url":"https:\/\/bellotacon.es\/clausula-en-proteccion-de-datos-formulario-de-newsletter\/","name":"Data Protection Clause Newsletter Form - Bellota Con - Evento Internacional Wargames","isPartOf":{"@id":"https:\/\/bellotacon.es\/#website"},"datePublished":"2022-10-31T13:48:10+00:00","dateModified":"2024-09-16T11:12:49+00:00","breadcrumb":{"@id":"https:\/\/bellotacon.es\/clausula-en-proteccion-de-datos-formulario-de-newsletter\/#breadcrumb"},"inLanguage":"en-US","potentialAction":[{"@type":"ReadAction","target":["https:\/\/bellotacon.es\/clausula-en-proteccion-de-datos-formulario-de-newsletter\/"]}]},{"@type":"BreadcrumbList","@id":"https:\/\/bellotacon.es\/clausula-en-proteccion-de-datos-formulario-de-newsletter\/#breadcrumb","itemListElement":[{"@type":"ListItem","position":1,"name":"Portada","item":"https:\/\/bellotacon.es\/"},{"@type":"ListItem","position":2,"name":"Data Protection Clause Newsletter Form"}]},{"@type":"WebSite","@id":"https:\/\/bellotacon.es\/#website","url":"https:\/\/bellotacon.es\/","name":"Bellota Con - Evento Internacional Wargames","description":"","publisher":{"@id":"https:\/\/bellotacon.es\/#organization"},"potentialAction":[{"@type":"SearchAction","target":{"@type":"EntryPoint","urlTemplate":"https:\/\/bellotacon.es\/?s={search_term_string}"},"query-input":{"@type":"PropertyValueSpecification","valueRequired":true,"valueName":"search_term_string"}}],"inLanguage":"en-US"},{"@type":"Organization","@id":"https:\/\/bellotacon.es\/#organization","name":"Bellota Con - Evento Internacional Wargames","url":"https:\/\/bellotacon.es\/","logo":{"@type":"ImageObject","inLanguage":"en-US","@id":"https:\/\/bellotacon.es\/#\/schema\/logo\/image\/","url":"https:\/\/bellotacon.es\/wp-content\/uploads\/2022\/09\/V-bellota-trans.png","contentUrl":"https:\/\/bellotacon.es\/wp-content\/uploads\/2022\/09\/V-bellota-trans.png","width":1991,"height":1258,"caption":"Bellota Con - Evento Internacional Wargames"},"image":{"@id":"https:\/\/bellotacon.es\/#\/schema\/logo\/image\/"}}]}},"_links":{"self":[{"href":"https:\/\/bellotacon.es\/en\/wp-json\/wp\/v2\/pages\/4988","targetHints":{"allow":["GET"]}}],"collection":[{"href":"https:\/\/bellotacon.es\/en\/wp-json\/wp\/v2\/pages"}],"about":[{"href":"https:\/\/bellotacon.es\/en\/wp-json\/wp\/v2\/types\/page"}],"author":[{"embeddable":true,"href":"https:\/\/bellotacon.es\/en\/wp-json\/wp\/v2\/users\/1"}],"replies":[{"embeddable":true,"href":"https:\/\/bellotacon.es\/en\/wp-json\/wp\/v2\/comments?post=4988"}],"version-history":[{"count":5,"href":"https:\/\/bellotacon.es\/en\/wp-json\/wp\/v2\/pages\/4988\/revisions"}],"predecessor-version":[{"id":6082,"href":"https:\/\/bellotacon.es\/en\/wp-json\/wp\/v2\/pages\/4988\/revisions\/6082"}],"wp:attachment":[{"href":"https:\/\/bellotacon.es\/en\/wp-json\/wp\/v2\/media?parent=4988"}],"curies":[{"name":"wp","href":"https:\/\/api.w.org\/{rel}","templated":true}]}}